{"id":20,"date":"2023-11-02T16:27:38","date_gmt":"2023-11-02T15:27:38","guid":{"rendered":"https:\/\/esclozes.fr\/?page_id=20"},"modified":"2024-03-20T08:16:37","modified_gmt":"2024-03-20T07:16:37","slug":"accueil","status":"publish","type":"page","link":"https:\/\/esclozes.fr\/","title":{"rendered":"Accueil"},"content":{"rendered":"\n<div class=\"wp-block-cover alignfull has-parallax\" style=\"min-height:720px;aspect-ratio:unset;\"><span aria-hidden=\"true\" class=\"wp-block-cover__background has-background-dim-0 has-background-dim has-background-gradient\" style=\"background:linear-gradient(90deg,rgb(238,238,238) 0%,rgb(169,184,195) 87%)\"><\/span><div role=\"img\" class=\"wp-block-cover__image-background wp-image-47 has-parallax\" style=\"background-position:50% 50%;background-image:url(http:\/\/esclozes.fr\/wp-content\/uploads\/2023\/11\/esclozes-image-acceuil-01.jpg)\"><\/div><div class=\"wp-block-cover__inner-container is-layout-flow wp-block-cover-is-layout-flow\">\n<p class=\"has-text-align-center has-large-font-size\"><\/p>\n<\/div><\/div>\n\n\n\n<p><\/p>\n\n\n\n<h2 class=\"wp-block-heading has-ast-global-color-0-color has-text-color has-link-color wp-elements-6bb6f43da97bb4e469ae29186bbc697e\" style=\"padding-right:40px\">Association  Pierre des Esclozes<\/h2>\n\n\n<\/p>\n<p>\n\n\n<p class=\"has-text-align-left\" style=\"text-transform:none\">En vall\u00e9e de Campan , au dessus de Payolle ,depuis 2012 , l\u2019association Pierre des Esclozes r\u00e9habilite et entretient le Courtaou des Esclozes \u00e0 1350m d&rsquo;altitude et sa rigole qui prend sa source en amont et d\u2019une longueur de 1.3 kms, dans le vallon de la Gaoube. Une convention a \u00e9t\u00e9 sign\u00e9e avec la Mairie de Campan , propri\u00e9taire du site , pour la mise en valeur du lieu.<\/p>\n\n\n\n<p class=\"has-text-align-left\" style=\"text-transform:none\">Dans les courtaous de cette vall\u00e9e, la production du lait servait essentiellement \u00e0 la fabrication du beurre , c&rsquo;\u00e9tait la sp\u00e9cialit\u00e9 locale. <\/p>\n\n\n\n<p>L&rsquo;ensemble \u00e9tait compos\u00e9 de 19 habitations d&rsquo;estive.<\/p>\n\n\n\n<p class=\"has-text-align-left\" style=\"text-transform:none\">Les travaux principaux de r\u00e9novation ont dur\u00e9 de&nbsp; 2012 \u00e0 2016. Aujourd&rsquo;hui , tous les jeudis matin ou le samedi pour de plus gros chantiers les membres de l&rsquo;association se retrouvent au courtaou.<\/p>\n\n\n\n<p>L&rsquo;association sollicite la participation de b\u00e9n\u00e9voles afin de participer \u00e0 nos chantiers et \u00e0 r\u00e9aliser nos futurs projets.<\/p>\n\n\n\n<p>Nombreux sont les randonneurs , v\u00e9t\u00e9tistes et autres qui viennent admirer le site . Les scolaires de toute la r\u00e9gion sont \u00e9galement souvent pr\u00e9sents afin d&rsquo; y faire des journ\u00e9es p\u00e9dagogiques.<\/p>\n\n\n\n<p class=\"has-text-align-left\" style=\"text-transform:none\">L\u2019acc\u00e8s se fait rapidement depuis Payolle ou le Sarat de Gaye. L&rsquo;itin\u00e9raire est fl\u00e9ch\u00e9. Coordonn\u00e9es GPS 42.93236 0.24824<\/p>\n\n\n\n<p class=\"has-text-align-left\" style=\"text-transform:none\">Nous esp\u00e9rons que ce site vous permettra de mieux nous conna\u00eetre.<\/p>\n\n\n\n<p>N&rsquo;h\u00e9sitez pas \u00e0 nous rejoindre.<\/p>\n\n\n\n<figure class=\"wp-block-gallery has-nested-images columns-default is-cropped wp-block-gallery-1 is-layout-flex wp-block-gallery-is-layout-flex\">\n<figure class=\"wp-block-image size-large\"><img fetchpriority=\"high\" decoding=\"async\" width=\"1024\" height=\"576\" data-id=\"327\" src=\"https:\/\/esclozes.fr\/wp-content\/uploads\/2023\/11\/courtaou-escolzes-1-accueil-1-1024x576.jpg\" alt=\"\" class=\"wp-image-327\" srcset=\"https:\/\/esclozes.fr\/wp-content\/uploads\/2023\/11\/courtaou-escolzes-1-accueil-1-1024x576.jpg 1024w, https:\/\/esclozes.fr\/wp-content\/uploads\/2023\/11\/courtaou-escolzes-1-accueil-1-300x169.jpg 300w, https:\/\/esclozes.fr\/wp-content\/uploads\/2023\/11\/courtaou-escolzes-1-accueil-1-768x432.jpg 768w, https:\/\/esclozes.fr\/wp-content\/uploads\/2023\/11\/courtaou-escolzes-1-accueil-1.jpg 1417w\" sizes=\"(max-width: 1024px) 100vw, 1024px\" \/><\/figure>\n\n\n\n<figure class=\"wp-block-image size-large\"><img decoding=\"async\" width=\"1024\" height=\"575\" data-id=\"319\" src=\"https:\/\/esclozes.fr\/wp-content\/uploads\/2023\/11\/courtaou-des-esclozes-hiver1-acceuil.jpg\" alt=\"\" class=\"wp-image-319\" srcset=\"https:\/\/esclozes.fr\/wp-content\/uploads\/2023\/11\/courtaou-des-esclozes-hiver1-acceuil.jpg 1024w, https:\/\/esclozes.fr\/wp-content\/uploads\/2023\/11\/courtaou-des-esclozes-hiver1-acceuil-300x168.jpg 300w, https:\/\/esclozes.fr\/wp-content\/uploads\/2023\/11\/courtaou-des-esclozes-hiver1-acceuil-768x431.jpg 768w\" sizes=\"(max-width: 1024px) 100vw, 1024px\" \/><\/figure>\n\n\n\n<figure class=\"wp-block-image size-large\"><img decoding=\"async\" width=\"1024\" height=\"683\" data-id=\"65\" src=\"https:\/\/esclozes.fr\/wp-content\/uploads\/2023\/11\/courtaou-des-esclozes-2023-1024x683.jpg\" alt=\"\" class=\"wp-image-65\" srcset=\"https:\/\/esclozes.fr\/wp-content\/uploads\/2023\/11\/courtaou-des-esclozes-2023-1024x683.jpg 1024w, https:\/\/esclozes.fr\/wp-content\/uploads\/2023\/11\/courtaou-des-esclozes-2023-300x200.jpg 300w, https:\/\/esclozes.fr\/wp-content\/uploads\/2023\/11\/courtaou-des-esclozes-2023-768x512.jpg 768w, https:\/\/esclozes.fr\/wp-content\/uploads\/2023\/11\/courtaou-des-esclozes-2023.jpg 1440w\" sizes=\"(max-width: 1024px) 100vw, 1024px\" \/><\/figure>\n<\/figure>\n\n\n<\/p>\n<p>\n\n\n<div class=\"wp-block-group alignfull has-cyan-bluish-gray-background-color has-background is-layout-constrained wp-container-core-group-is-layout-cfcca693 wp-block-group-is-layout-constrained\" style=\"padding-top:104px;padding-bottom:104px\">\n<h2 class=\"wp-block-heading has-text-align-center has-text-color\" style=\"color:#ffffff\">Contact<\/h2>\n\n\n\n<p class=\"has-text-align-center\"><strong><a href=\"mailto:pierredesesclozes@gmail.com\">pierredesesclozes65@gmail.com<\/a><\/strong><\/p>\n\n\n\n<p class=\"has-text-align-center has-ast-global-color-0-color has-text-color has-link-color wp-elements-7691477834238fb87ad8ef37ff492546\"><strong>Tel : 06 04 40 35 71<\/strong><\/p>\n\n\n\n<figure class=\"wp-block-image size-large\"><img loading=\"lazy\" decoding=\"async\" width=\"1024\" height=\"734\" src=\"https:\/\/esclozes.fr\/wp-content\/uploads\/2023\/12\/carte-acces-1024x734.jpg\" alt=\"\" class=\"wp-image-468\" srcset=\"https:\/\/esclozes.fr\/wp-content\/uploads\/2023\/12\/carte-acces-1024x734.jpg 1024w, https:\/\/esclozes.fr\/wp-content\/uploads\/2023\/12\/carte-acces-300x215.jpg 300w, https:\/\/esclozes.fr\/wp-content\/uploads\/2023\/12\/carte-acces-768x550.jpg 768w, https:\/\/esclozes.fr\/wp-content\/uploads\/2023\/12\/carte-acces-1536x1101.jpg 1536w, https:\/\/esclozes.fr\/wp-content\/uploads\/2023\/12\/carte-acces-2048x1467.jpg 2048w\" sizes=\"(max-width: 1024px) 100vw, 1024px\" \/><\/figure>\n\n\n\n<div class=\"wp-block-buttons alignwide is-horizontal is-content-justification-center is-layout-flex wp-container-core-buttons-is-layout-bba8380a wp-block-buttons-is-layout-flex\" style=\"margin-top:50px\"><\/div>\n<\/div>\n\n\n<\/p>","protected":false},"excerpt":{"rendered":"<p>Association Pierre des Esclozes En vall\u00e9e de Campan , au dessus de Payolle ,depuis 2012 , l\u2019association Pierre des Esclozes r\u00e9habilite et entretient le Courtaou des Esclozes \u00e0 1350m d&rsquo;altitude et sa rigole qui prend sa source en amont et d\u2019une longueur de 1.3 kms, dans le vallon de la Gaoube. Une convention a \u00e9t\u00e9 &hellip;<\/p>\n<p class=\"read-more\"> <a class=\"\" href=\"https:\/\/esclozes.fr\/\"> <span class=\"screen-reader-text\">Accueil<\/span> Lire la suite\u00a0\u00bb<\/a><\/p>\n","protected":false},"author":1,"featured_media":0,"parent":0,"menu_order":0,"comment_status":"closed","ping_status":"closed","template":"","meta":{"site-sidebar-layout":"no-sidebar","site-content-layout":"plain-container","ast-site-content-layout":"","site-content-style":"default","site-sidebar-style":"default","ast-global-header-display":"","ast-banner-title-visibility":"","ast-main-header-display":"","ast-hfb-above-header-display":"","ast-hfb-below-header-display":"","ast-hfb-mobile-header-display":"","site-post-title":"disabled","ast-breadcrumbs-content":"","ast-featured-img":"","footer-sml-layout":"","theme-transparent-header-meta":"enabled","adv-header-id-meta":"","stick-header-meta":"","header-above-stick-meta":"","header-main-stick-meta":"","header-below-stick-meta":"","astra-migrate-meta-layouts":"","ast-page-background-enabled":"default","ast-page-background-meta":{"desktop":{"background-color":"var(--ast-global-color-4)","background-image":"","background-repeat":"repeat","background-position":"center center","background-size":"auto","background-attachment":"scroll","background-type":"","background-media":"","overlay-type":"","overlay-color":"","overlay-gradient":""},"tablet":{"background-color":"","background-image":"","background-repeat":"repeat","background-position":"center center","background-size":"auto","background-attachment":"scroll","background-type":"","background-media":"","overlay-type":"","overlay-color":"","overlay-gradient":""},"mobile":{"background-color":"","background-image":"","background-repeat":"repeat","background-position":"center center","background-size":"auto","background-attachment":"scroll","background-type":"","background-media":"","overlay-type":"","overlay-color":"","overlay-gradient":""}},"ast-content-background-meta":{"desktop":{"background-color":"var(--ast-global-color-5)","background-image":"","background-repeat":"repeat","background-position":"center center","background-size":"auto","background-attachment":"scroll","background-type":"","background-media":"","overlay-type":"","overlay-color":"","overlay-gradient":""},"tablet":{"background-color":"var(--ast-global-color-5)","background-image":"","background-repeat":"repeat","background-position":"center center","background-size":"auto","background-attachment":"scroll","background-type":"","background-media":"","overlay-type":"","overlay-color":"","overlay-gradient":""},"mobile":{"background-color":"var(--ast-global-color-5)","background-image":"","background-repeat":"repeat","background-position":"center center","background-size":"auto","background-attachment":"scroll","background-type":"","background-media":"","overlay-type":"","overlay-color":"","overlay-gradient":""}},"footnotes":""},"class_list":["post-20","page","type-page","status-publish","hentry"],"_links":{"self":[{"href":"https:\/\/esclozes.fr\/index.php\/wp-json\/wp\/v2\/pages\/20","targetHints":{"allow":["GET"]}}],"collection":[{"href":"https:\/\/esclozes.fr\/index.php\/wp-json\/wp\/v2\/pages"}],"about":[{"href":"https:\/\/esclozes.fr\/index.php\/wp-json\/wp\/v2\/types\/page"}],"author":[{"embeddable":true,"href":"https:\/\/esclozes.fr\/index.php\/wp-json\/wp\/v2\/users\/1"}],"replies":[{"embeddable":true,"href":"https:\/\/esclozes.fr\/index.php\/wp-json\/wp\/v2\/comments?post=20"}],"version-history":[{"count":68,"href":"https:\/\/esclozes.fr\/index.php\/wp-json\/wp\/v2\/pages\/20\/revisions"}],"predecessor-version":[{"id":654,"href":"https:\/\/esclozes.fr\/index.php\/wp-json\/wp\/v2\/pages\/20\/revisions\/654"}],"wp:attachment":[{"href":"https:\/\/esclozes.fr\/index.php\/wp-json\/wp\/v2\/media?parent=20"}],"curies":[{"name":"wp","href":"https:\/\/api.w.org\/{rel}","templated":true}]}}